{"id":424,"date":"2025-09-22T19:07:46","date_gmt":"2025-09-22T19:07:46","guid":{"rendered":"https:\/\/www.tofanelitintas.com.br\/site\/?page_id=424"},"modified":"2025-09-22T19:13:05","modified_gmt":"2025-09-22T19:13:05","slug":"politica-de-privacidade","status":"publish","type":"page","link":"https:\/\/www.tofanelitintas.com.br\/site\/politica-de-privacidade\/","title":{"rendered":"Pol\u00edtica de Privacidade"},"content":{"rendered":"\t\t<div data-elementor-type=\"wp-page\" data-elementor-id=\"424\" class=\"elementor elementor-424\" data-elementor-post-type=\"page\">\n\t\t\t\t<div class=\"elementor-element elementor-element-63e516e4 e-flex e-con-boxed e-con e-parent\" data-id=\"63e516e4\" data-element_type=\"container\" data-settings=\"{&quot;background_background&quot;:&quot;classic&quot;}\">\n\t\t\t\t\t<div class=\"e-con-inner\">\n\t\t<div class=\"elementor-element elementor-element-53fc1fb1 e-con-full e-flex e-con e-child\" data-id=\"53fc1fb1\" data-element_type=\"container\" data-settings=\"{&quot;background_background&quot;:&quot;classic&quot;}\">\n\t\t\t\t<div class=\"elementor-element elementor-element-6d1c4603 elementor-nav-menu__align-center elementor-nav-menu--dropdown-tablet elementor-nav-menu__text-align-aside elementor-nav-menu--toggle elementor-nav-menu--burger elementor-widget elementor-widget-nav-menu\" data-id=\"6d1c4603\" data-element_type=\"widget\" data-settings=\"{&quot;layout&quot;:&quot;horizontal&quot;,&quot;submenu_icon&quot;:{&quot;value&quot;:&quot;&lt;svg class=\\&quot;e-font-icon-svg e-fas-caret-down\\&quot; viewBox=\\&quot;0 0 320 512\\&quot; xmlns=\\&quot;http:\\\/\\\/www.w3.org\\\/2000\\\/svg\\&quot;&gt;&lt;path d=\\&quot;M31.3 192h257.3c17.8 0 26.7 21.5 14.1 34.1L174.1 354.8c-7.8 7.8-20.5 7.8-28.3 0L17.2 226.1C4.6 213.5 13.5 192 31.3 192z\\&quot;&gt;&lt;\\\/path&gt;&lt;\\\/svg&gt;&quot;,&quot;library&quot;:&quot;fa-solid&quot;},&quot;toggle&quot;:&quot;burger&quot;}\" data-widget_type=\"nav-menu.default\">\n\t\t\t\t<div class=\"elementor-widget-container\">\n\t\t\t\t\t\t\t\t<nav class=\"elementor-nav-menu--main elementor-nav-menu__container elementor-nav-menu--layout-horizontal e--pointer-underline e--animation-fade\">\n\t\t\t\t<ul id=\"menu-1-6d1c4603\" class=\"elementor-nav-menu\"><li class=\"menu-item menu-item-type-custom menu-item-object-custom menu-item-home menu-item-23\"><a href=\"https:\/\/www.tofanelitintas.com.br\/site\/#Inicio\" class=\"elementor-item elementor-item-anchor\">In\u00edcio<\/a><\/li>\n<li class=\"menu-item menu-item-type-custom menu-item-object-custom menu-item-home menu-item-22\"><a href=\"https:\/\/www.tofanelitintas.com.br\/site\/#Lojas\" class=\"elementor-item elementor-item-anchor\">Lojas<\/a><\/li>\n<li class=\"menu-item menu-item-type-custom menu-item-object-custom menu-item-home menu-item-24\"><a href=\"https:\/\/www.tofanelitintas.com.br\/site\/#Tofaneli\" class=\"elementor-item elementor-item-anchor\">Tofaneli<\/a><\/li>\n<li class=\"menu-item menu-item-type-custom menu-item-object-custom menu-item-home menu-item-25\"><a href=\"https:\/\/www.tofanelitintas.com.br\/site\/#Parceiros\" class=\"elementor-item elementor-item-anchor\">Parceiros<\/a><\/li>\n<li class=\"menu-item menu-item-type-custom menu-item-object-custom menu-item-home menu-item-26\"><a href=\"https:\/\/www.tofanelitintas.com.br\/site\/#Promocoes\" class=\"elementor-item elementor-item-anchor\">Promo\u00e7\u00f5es<\/a><\/li>\n<li class=\"menu-item menu-item-type-custom menu-item-object-custom menu-item-home menu-item-27\"><a href=\"https:\/\/www.tofanelitintas.com.br\/site\/#AppCoral\" class=\"elementor-item elementor-item-anchor\">AppCoral<\/a><\/li>\n<li class=\"menu-item menu-item-type-custom menu-item-object-custom menu-item-home menu-item-28\"><a href=\"https:\/\/www.tofanelitintas.com.br\/site\/#Contato\" class=\"elementor-item elementor-item-anchor\">Contato<\/a><\/li>\n<\/ul>\t\t\t<\/nav>\n\t\t\t\t\t<div class=\"elementor-menu-toggle\" role=\"button\" tabindex=\"0\" aria-label=\"Menu Toggle\" aria-expanded=\"false\">\n\t\t\t<svg aria-hidden=\"true\" role=\"presentation\" class=\"elementor-menu-toggle__icon--open e-font-icon-svg e-eicon-menu-bar\" viewBox=\"0 0 1000 1000\" xmlns=\"http:\/\/www.w3.org\/2000\/svg\"><path d=\"M104 333H896C929 333 958 304 958 271S929 208 896 208H104C71 208 42 237 42 271S71 333 104 333ZM104 583H896C929 583 958 554 958 521S929 458 896 458H104C71 458 42 487 42 521S71 583 104 583ZM104 833H896C929 833 958 804 958 771S929 708 896 708H104C71 708 42 737 42 771S71 833 104 833Z\"><\/path><\/svg><svg aria-hidden=\"true\" role=\"presentation\" class=\"elementor-menu-toggle__icon--close e-font-icon-svg e-eicon-close\" viewBox=\"0 0 1000 1000\" xmlns=\"http:\/\/www.w3.org\/2000\/svg\"><path d=\"M742 167L500 408 258 167C246 154 233 150 217 150 196 150 179 158 167 167 154 179 150 196 150 212 150 229 154 242 171 254L408 500 167 742C138 771 138 800 167 829 196 858 225 858 254 829L496 587 738 829C750 842 767 846 783 846 800 846 817 842 829 829 842 817 846 804 846 783 846 767 842 750 829 737L588 500 833 258C863 229 863 200 833 171 804 137 775 137 742 167Z\"><\/path><\/svg>\t\t\t<span class=\"elementor-screen-only\">Menu<\/span>\n\t\t<\/div>\n\t\t\t\t\t<nav class=\"elementor-nav-menu--dropdown elementor-nav-menu__container\" aria-hidden=\"true\">\n\t\t\t\t<ul id=\"menu-2-6d1c4603\" class=\"elementor-nav-menu\"><li class=\"menu-item menu-item-type-custom menu-item-object-custom menu-item-home menu-item-23\"><a href=\"https:\/\/www.tofanelitintas.com.br\/site\/#Inicio\" class=\"elementor-item elementor-item-anchor\" tabindex=\"-1\">In\u00edcio<\/a><\/li>\n<li class=\"menu-item menu-item-type-custom menu-item-object-custom menu-item-home menu-item-22\"><a href=\"https:\/\/www.tofanelitintas.com.br\/site\/#Lojas\" class=\"elementor-item elementor-item-anchor\" tabindex=\"-1\">Lojas<\/a><\/li>\n<li class=\"menu-item menu-item-type-custom menu-item-object-custom menu-item-home menu-item-24\"><a href=\"https:\/\/www.tofanelitintas.com.br\/site\/#Tofaneli\" class=\"elementor-item elementor-item-anchor\" tabindex=\"-1\">Tofaneli<\/a><\/li>\n<li class=\"menu-item menu-item-type-custom menu-item-object-custom menu-item-home menu-item-25\"><a href=\"https:\/\/www.tofanelitintas.com.br\/site\/#Parceiros\" class=\"elementor-item elementor-item-anchor\" tabindex=\"-1\">Parceiros<\/a><\/li>\n<li class=\"menu-item menu-item-type-custom menu-item-object-custom menu-item-home menu-item-26\"><a href=\"https:\/\/www.tofanelitintas.com.br\/site\/#Promocoes\" class=\"elementor-item elementor-item-anchor\" tabindex=\"-1\">Promo\u00e7\u00f5es<\/a><\/li>\n<li class=\"menu-item menu-item-type-custom menu-item-object-custom menu-item-home menu-item-27\"><a href=\"https:\/\/www.tofanelitintas.com.br\/site\/#AppCoral\" class=\"elementor-item elementor-item-anchor\" tabindex=\"-1\">AppCoral<\/a><\/li>\n<li class=\"menu-item menu-item-type-custom menu-item-object-custom menu-item-home menu-item-28\"><a href=\"https:\/\/www.tofanelitintas.com.br\/site\/#Contato\" class=\"elementor-item elementor-item-anchor\" tabindex=\"-1\">Contato<\/a><\/li>\n<\/ul>\t\t\t<\/nav>\n\t\t\t\t\t\t<\/div>\n\t\t\t\t<\/div>\n\t\t\t\t<\/div>\n\t\t\t\t\t<\/div>\n\t\t\t\t<\/div>\n\t\t<div class=\"elementor-element elementor-element-699a223a e-flex e-con-boxed e-con e-parent\" data-id=\"699a223a\" data-element_type=\"container\" id=\"Tofaneli\">\n\t\t\t\t\t<div class=\"e-con-inner\">\n\t\t<div class=\"elementor-element elementor-element-49f74d66 e-con-full e-flex elementor-invisible e-con e-child\" data-id=\"49f74d66\" data-element_type=\"container\" data-settings=\"{&quot;background_background&quot;:&quot;gradient&quot;,&quot;animation&quot;:&quot;fadeInDown&quot;,&quot;animation_mobile&quot;:&quot;fadeInDown&quot;}\">\n\t\t\t\t<div class=\"elementor-element elementor-element-4bfb56e5 elementor-widget elementor-widget-image\" data-id=\"4bfb56e5\" data-element_type=\"widget\" data-widget_type=\"image.default\">\n\t\t\t\t\t\t\t\t\t\t\t\t\t\t\t<img fetchpriority=\"high\" decoding=\"async\" width=\"320\" height=\"195\" src=\"https:\/\/www.tofanelitintas.com.br\/site\/wp-content\/uploads\/2025\/09\/LOGO-TOFANELI-1.png\" class=\"attachment-large size-large wp-image-37\" alt=\"\" srcset=\"https:\/\/www.tofanelitintas.com.br\/site\/wp-content\/uploads\/2025\/09\/LOGO-TOFANELI-1.png 320w, https:\/\/www.tofanelitintas.com.br\/site\/wp-content\/uploads\/2025\/09\/LOGO-TOFANELI-1-300x183.png 300w\" sizes=\"(max-width: 320px) 100vw, 320px\" \/>\t\t\t\t\t\t\t\t\t\t\t\t\t\t\t<\/div>\n\t\t\t\t<div class=\"elementor-element elementor-element-7ecdd51 elementor-widget elementor-widget-heading\" data-id=\"7ecdd51\" data-element_type=\"widget\" data-widget_type=\"heading.default\">\n\t\t\t\t\t<h2 class=\"elementor-heading-title elementor-size-default\">Pol\u00edtica de Privacidade da Tofaneli Tintas<\/h2>\t\t\t\t<\/div>\n\t\t\t\t<div class=\"elementor-element elementor-element-3d6a5a10 elementor-widget-mobile__width-initial elementor-widget elementor-widget-text-editor\" data-id=\"3d6a5a10\" data-element_type=\"widget\" data-widget_type=\"text-editor.default\">\n\t\t\t\t\t\t\t\t\t<p data-renderer-start-pos=\"45\">A sua privacidade \u00e9 uma prioridade para a Tofaneli Tintas. Esta pol\u00edtica descreve como coletamos, usamos e protegemos as suas informa\u00e7\u00f5es ao utilizar o nosso site. Ao navegar ou interagir conosco, voc\u00ea concorda com os termos desta pol\u00edtica.<\/p><h3 data-renderer-start-pos=\"291\"><strong data-renderer-mark=\"true\">Quais dados coletamos?<\/strong><\/h3><p data-renderer-start-pos=\"317\">Coletamos os dados pessoais que voc\u00ea nos fornece voluntariamente atrav\u00e9s dos nossos formul\u00e1rios de contato e or\u00e7amento. Isso inclui, mas n\u00e3o se limita a:<\/p><p data-renderer-start-pos=\"476\">Nome completo; Endere\u00e7o de e-mail; N\u00famero de telefone.<\/p><h3 data-renderer-start-pos=\"541\"><strong data-renderer-mark=\"true\">Como utilizamos suas informa\u00e7\u00f5es?<\/strong><\/h3><p data-renderer-start-pos=\"578\">As informa\u00e7\u00f5es coletadas t\u00eam a finalidade de:<\/p><p data-renderer-start-pos=\"627\">Fornecer um atendimento personalizado e responder \u00e0s suas solicita\u00e7\u00f5es de or\u00e7amento.<br \/>\u200c<\/p><p data-renderer-start-pos=\"717\">Comunicar sobre nossos produtos, servi\u00e7os e promo\u00e7\u00f5es.<\/p><p data-renderer-start-pos=\"775\">Melhorar a sua experi\u00eancia em nosso site.<\/p><h3><strong data-renderer-mark=\"true\">Compartilhamento de informa\u00e7\u00f5es<\/strong><\/h3><p data-renderer-start-pos=\"859\">A Tofaneli Tintas n\u00e3o vende, aluga ou compartilha suas informa\u00e7\u00f5es pessoais com terceiros, exceto quando necess\u00e1rio para cumprir obriga\u00e7\u00f5es legais.<\/p><h3 data-renderer-start-pos=\"1012\"><strong data-renderer-mark=\"true\">Seguran\u00e7a das informa\u00e7\u00f5es<\/strong><\/h3><p data-renderer-start-pos=\"1041\">Adotamos medidas de seguran\u00e7a para proteger suas informa\u00e7\u00f5es de acesso n\u00e3o autorizado e uso indevido. No entanto, \u00e9 importante lembrar que nenhuma transmiss\u00e3o de dados pela internet \u00e9 100% segura.<\/p><h3 data-renderer-start-pos=\"1243\"><strong data-renderer-mark=\"true\">Seus direitos<\/strong><\/h3><p data-renderer-start-pos=\"1260\">De acordo com a LGPD, voc\u00ea tem o direito de:<\/p><p data-renderer-start-pos=\"1308\">Acessar os seus dados.<\/p><p data-renderer-start-pos=\"1334\">Corrigir informa\u00e7\u00f5es incompletas ou desatualizadas.<\/p><p data-renderer-start-pos=\"1389\">Solicitar a exclus\u00e3o dos seus dados.<\/p><p data-renderer-start-pos=\"1429\">Para exercer qualquer um desses direitos, entre em contato conosco atrav\u00e9s dos canais dispon\u00edveis.<\/p><h3 data-renderer-start-pos=\"1533\"><strong data-renderer-mark=\"true\">Contato<\/strong><\/h3><p data-renderer-start-pos=\"1544\">Se tiver d\u00favidas sobre esta pol\u00edtica de privacidade ou sobre como lidamos com seus dados, entre em contato conosco.<\/p>\t\t\t\t\t\t\t\t<\/div>\n\t\t\t\t<\/div>\n\t\t\t\t\t<\/div>\n\t\t\t\t<\/div>\n\t\t<div class=\"elementor-element elementor-element-25b9e608 e-flex e-con-boxed e-con e-parent\" data-id=\"25b9e608\" data-element_type=\"container\" id=\"Contato\" data-settings=\"{&quot;background_background&quot;:&quot;classic&quot;}\">\n\t\t\t\t\t<div class=\"e-con-inner\">\n\t\t<div class=\"elementor-element elementor-element-35140df1 e-con-full e-flex e-con e-child\" data-id=\"35140df1\" data-element_type=\"container\">\n\t\t<div class=\"elementor-element elementor-element-2158bad2 e-con-full e-flex e-con e-child\" data-id=\"2158bad2\" data-element_type=\"container\">\n\t\t<div class=\"elementor-element elementor-element-49d83f59 e-con-full e-flex e-con e-child\" data-id=\"49d83f59\" data-element_type=\"container\">\n\t\t\t\t<div class=\"elementor-element elementor-element-138773d7 elementor-view-default elementor-widget elementor-widget-icon\" data-id=\"138773d7\" data-element_type=\"widget\" data-widget_type=\"icon.default\">\n\t\t\t\t\t\t\t<div class=\"elementor-icon-wrapper\">\n\t\t\t<div class=\"elementor-icon\">\n\t\t\t<svg aria-hidden=\"true\" class=\"e-font-icon-svg e-far-envelope\" viewBox=\"0 0 512 512\" xmlns=\"http:\/\/www.w3.org\/2000\/svg\"><path d=\"M464 64H48C21.49 64 0 85.49 0 112v288c0 26.51 21.49 48 48 48h416c26.51 0 48-21.49 48-48V112c0-26.51-21.49-48-48-48zm0 48v40.805c-22.422 18.259-58.168 46.651-134.587 106.49-16.841 13.247-50.201 45.072-73.413 44.701-23.208.375-56.579-31.459-73.413-44.701C106.18 199.465 70.425 171.067 48 152.805V112h416zM48 400V214.398c22.914 18.251 55.409 43.862 104.938 82.646 21.857 17.205 60.134 55.186 103.062 54.955 42.717.231 80.509-37.199 103.053-54.947 49.528-38.783 82.032-64.401 104.947-82.653V400H48z\"><\/path><\/svg>\t\t\t<\/div>\n\t\t<\/div>\n\t\t\t\t\t\t<\/div>\n\t\t\t\t<div class=\"elementor-element elementor-element-17cb73c1 elementor-widget elementor-widget-heading\" data-id=\"17cb73c1\" data-element_type=\"widget\" data-widget_type=\"heading.default\">\n\t\t\t\t\t<h2 class=\"elementor-heading-title elementor-size-default\">Precisa de tintas?<br>Deixe o seu contato<\/h2>\t\t\t\t<\/div>\n\t\t\t\t<\/div>\n\t\t\t\t<\/div>\n\t\t<div class=\"elementor-element elementor-element-6f47cc26 e-con-full e-flex e-con e-child\" data-id=\"6f47cc26\" data-element_type=\"container\">\n\t\t\t\t<div class=\"elementor-element elementor-element-1d5ca187 elementor-button-align-stretch elementor-widget elementor-widget-form\" data-id=\"1d5ca187\" data-element_type=\"widget\" data-settings=\"{&quot;step_next_label&quot;:&quot;Next&quot;,&quot;step_previous_label&quot;:&quot;Previous&quot;,&quot;button_width&quot;:&quot;100&quot;,&quot;step_type&quot;:&quot;number_text&quot;,&quot;step_icon_shape&quot;:&quot;circle&quot;}\" data-widget_type=\"form.default\">\n\t\t\t\t<div class=\"elementor-widget-container\">\n\t\t\t\t\t\t\t<form class=\"elementor-form\" method=\"post\" name=\"New Form\">\n\t\t\t<input type=\"hidden\" name=\"post_id\" value=\"424\"\/>\n\t\t\t<input type=\"hidden\" name=\"form_id\" value=\"1d5ca187\"\/>\n\t\t\t<input type=\"hidden\" name=\"referer_title\" value=\"\" \/>\n\n\t\t\t\n\t\t\t<div class=\"elementor-form-fields-wrapper elementor-labels-\">\n\t\t\t\t\t\t\t\t<div class=\"elementor-field-type-text elementor-field-group elementor-column elementor-field-group-nome elementor-col-50\">\n\t\t\t\t\t\t\t\t\t\t\t\t<label for=\"form-field-nome\" class=\"elementor-field-label elementor-screen-only\">\n\t\t\t\t\t\t\t\tNome\t\t\t\t\t\t\t<\/label>\n\t\t\t\t\t\t\t\t\t\t\t\t\t\t<input size=\"1\" type=\"text\" name=\"form_fields[nome]\" id=\"form-field-nome\" class=\"elementor-field elementor-size-lg  elementor-field-textual\" placeholder=\"Nome\">\n\t\t\t\t\t\t\t\t\t\t\t<\/div>\n\t\t\t\t\t\t\t\t<div class=\"elementor-field-type-text elementor-field-group elementor-column elementor-field-group-celular elementor-col-50 elementor-field-required\">\n\t\t\t\t\t\t\t\t\t\t\t\t<label for=\"form-field-celular\" class=\"elementor-field-label elementor-screen-only\">\n\t\t\t\t\t\t\t\tCelular\t\t\t\t\t\t\t<\/label>\n\t\t\t\t\t\t\t\t\t\t\t\t\t\t<input size=\"1\" type=\"text\" name=\"form_fields[celular]\" id=\"form-field-celular\" class=\"elementor-field elementor-size-lg  fme-mask-input mask_control_@ev-phone money_mask_format_@ mask_prefix_@ mask_decimal_places_@ mask_time_mask_format_@ fme_phone_format_@phone_ddd9 credit_card_options_@ mask_auto_placeholder_@ fme_brazilian_formats_@ elementor-field-textual\" placeholder=\"Celular\" required=\"required\" aria-required=\"true\" data-mask=\"ev-phone\">\n\t\t\t\t\t\t\t\t\t\t\t<\/div>\n\t\t\t\t\t\t\t\t<div class=\"elementor-field-type-textarea elementor-field-group elementor-column elementor-field-group-message elementor-col-100\">\n\t\t\t\t\t\t\t\t\t\t\t\t<label for=\"form-field-message\" class=\"elementor-field-label elementor-screen-only\">\n\t\t\t\t\t\t\t\tMessage\t\t\t\t\t\t\t<\/label>\n\t\t\t\t\t\t<textarea class=\"elementor-field-textual elementor-field  elementor-size-lg\" name=\"form_fields[message]\" id=\"form-field-message\" rows=\"4\" placeholder=\"Message\"><\/textarea>\t\t\t\t<\/div>\n\t\t\t\t\t\t\t\t<div class=\"elementor-field-group elementor-column elementor-field-type-submit elementor-col-100 e-form__buttons\">\n\t\t\t\t\t<button type=\"submit\" class=\"elementor-button elementor-size-lg\">\n\t\t\t\t\t\t<span >\n\t\t\t\t\t\t\t\t\t\t\t\t\t\t\t<span class=\" elementor-button-icon\">\n\t\t\t\t\t\t\t\t\t\t\t\t\t\t\t\t\t\t\t\t\t\t\t\t\t\t<\/span>\n\t\t\t\t\t\t\t\t\t\t\t\t\t\t\t\t\t\t\t\t\t\t<span class=\"elementor-button-text\">Solicitar contato<\/span>\n\t\t\t\t\t\t\t\t\t\t\t\t\t<\/span>\n\t\t\t\t\t<\/button>\n\t\t\t\t<\/div>\n\t\t\t<\/div>\n\t\t<\/form>\n\t\t\t\t\t\t<\/div>\n\t\t\t\t<\/div>\n\t\t\t\t<\/div>\n\t\t\t\t<\/div>\n\t\t\t\t\t<\/div>\n\t\t\t\t<\/div>\n\t\t<div class=\"elementor-element elementor-element-41b3011b e-flex e-con-boxed e-con e-parent\" data-id=\"41b3011b\" data-element_type=\"container\">\n\t\t\t\t\t<div class=\"e-con-inner\">\n\t\t<div class=\"elementor-element elementor-element-79bbf8b e-con-full e-flex e-con e-child\" data-id=\"79bbf8b\" data-element_type=\"container\">\n\t\t\t\t<div class=\"elementor-element elementor-element-7c2e32cc elementor-widget elementor-widget-heading\" data-id=\"7c2e32cc\" data-element_type=\"widget\" data-widget_type=\"heading.default\">\n\t\t\t\t\t<h2 class=\"elementor-heading-title elementor-size-default\">\u00a9 2025 Tofaneli Tintas | Todos os direitos reservados<\/h2>\t\t\t\t<\/div>\n\t\t\t\t<\/div>\n\t\t<div class=\"elementor-element elementor-element-73c45158 e-con-full e-flex e-con e-child\" data-id=\"73c45158\" data-element_type=\"container\">\n\t\t\t\t<div class=\"elementor-element elementor-element-5e8826a5 elementor-widget elementor-widget-heading\" data-id=\"5e8826a5\" data-element_type=\"widget\" data-widget_type=\"heading.default\">\n\t\t\t\t\t<h2 class=\"elementor-heading-title elementor-size-default\">CNPJ: 28.058.460\/0001-90 |<\/h2>\t\t\t\t<\/div>\n\t\t\t\t<\/div>\n\t\t<div class=\"elementor-element elementor-element-6723625c e-con-full e-flex e-con e-child\" data-id=\"6723625c\" data-element_type=\"container\">\n\t\t\t\t<div class=\"elementor-element elementor-element-6ed64084 elementor-widget elementor-widget-heading\" data-id=\"6ed64084\" data-element_type=\"widget\" data-widget_type=\"heading.default\">\n\t\t\t\t\t<h2 class=\"elementor-heading-title elementor-size-default\">Pol\u00edtica de Privacidade<\/h2>\t\t\t\t<\/div>\n\t\t\t\t<\/div>\n\t\t\t\t\t<\/div>\n\t\t\t\t<\/div>\n\t\t<div class=\"elementor-element elementor-element-23699356 e-flex e-con-boxed e-con e-parent\" data-id=\"23699356\" data-element_type=\"container\">\n\t\t\t\t\t<div class=\"e-con-inner\">\n\t\t<div class=\"elementor-element elementor-element-38648abf e-con-full e-flex e-con e-child\" data-id=\"38648abf\" data-element_type=\"container\">\n\t\t\t\t<div class=\"elementor-element elementor-element-6b14b9ee elementor-widget elementor-widget-heading\" data-id=\"6b14b9ee\" data-element_type=\"widget\" data-widget_type=\"heading.default\">\n\t\t\t\t\t<h2 class=\"elementor-heading-title elementor-size-default\">Desenvolvido por Marky Design<\/h2>\t\t\t\t<\/div>\n\t\t\t\t<\/div>\n\t\t\t\t\t<\/div>\n\t\t\t\t<\/div>\n\t\t\t\t<\/div>\n\t\t","protected":false},"excerpt":{"rendered":"<p>Pol\u00edtica de Privacidade da Tofaneli Tintas A sua privacidade \u00e9 uma prioridade para a Tofaneli Tintas. Esta pol\u00edtica descreve como coletamos, usamos e protegemos as suas informa\u00e7\u00f5es ao utilizar o nosso site. Ao navegar ou interagir conosco, voc\u00ea concorda com os termos desta pol\u00edtica. Quais dados coletamos? Coletamos os dados pessoais que voc\u00ea nos fornece [&hellip;]<\/p>\n","protected":false},"author":1,"featured_media":0,"parent":0,"menu_order":0,"comment_status":"closed","ping_status":"closed","template":"elementor_canvas","meta":{"footnotes":""},"class_list":["post-424","page","type-page","status-publish","hentry"],"aioseo_notices":[],"_hostinger_reach_plugin_has_subscription_block":false,"_hostinger_reach_plugin_is_elementor":false,"_links":{"self":[{"href":"https:\/\/www.tofanelitintas.com.br\/site\/wp-json\/wp\/v2\/pages\/424","targetHints":{"allow":["GET"]}}],"collection":[{"href":"https:\/\/www.tofanelitintas.com.br\/site\/wp-json\/wp\/v2\/pages"}],"about":[{"href":"https:\/\/www.tofanelitintas.com.br\/site\/wp-json\/wp\/v2\/types\/page"}],"author":[{"embeddable":true,"href":"https:\/\/www.tofanelitintas.com.br\/site\/wp-json\/wp\/v2\/users\/1"}],"replies":[{"embeddable":true,"href":"https:\/\/www.tofanelitintas.com.br\/site\/wp-json\/wp\/v2\/comments?post=424"}],"version-history":[{"count":4,"href":"https:\/\/www.tofanelitintas.com.br\/site\/wp-json\/wp\/v2\/pages\/424\/revisions"}],"predecessor-version":[{"id":428,"href":"https:\/\/www.tofanelitintas.com.br\/site\/wp-json\/wp\/v2\/pages\/424\/revisions\/428"}],"wp:attachment":[{"href":"https:\/\/www.tofanelitintas.com.br\/site\/wp-json\/wp\/v2\/media?parent=424"}],"curies":[{"name":"wp","href":"https:\/\/api.w.org\/{rel}","templated":true}]}}